{"id":421,"date":"2022-06-11T16:03:05","date_gmt":"2022-06-11T16:03:05","guid":{"rendered":"https:\/\/www.capriccisrl.it\/cms\/?page_id=421"},"modified":"2025-02-19T09:16:46","modified_gmt":"2025-02-19T09:16:46","slug":"home","status":"publish","type":"page","link":"https:\/\/www.capriccisrl.it\/cms\/","title":{"rendered":"Home"},"content":{"rendered":"\t\t<div data-elementor-type=\"wp-page\" data-elementor-id=\"421\" class=\"elementor elementor-421\">\r\n\t\t\t\t\t\t<section class=\"elementor-section elementor-top-section elementor-element elementor-element-051970e elementor-section-height-min-height elementor-section-boxed elementor-section-height-default elementor-section-items-middle wpr-particle-no wpr-jarallax-no wpr-parallax-no wpr-sticky-section-no\" data-id=\"051970e\" data-element_type=\"section\" data-settings=\"{&quot;background_background&quot;:&quot;slideshow&quot;,&quot;background_slideshow_gallery&quot;:[{&quot;id&quot;:321,&quot;url&quot;:&quot;https:\\\/\\\/www.capriccisrl.it\\\/cms\\\/wp-content\\\/uploads\\\/2017\\\/01\\\/gal\\u00e0-31-col.98.jpg&quot;},{&quot;id&quot;:332,&quot;url&quot;:&quot;https:\\\/\\\/www.capriccisrl.it\\\/cms\\\/wp-content\\\/uploads\\\/2017\\\/01\\\/PORTHOS.jpg&quot;},{&quot;id&quot;:297,&quot;url&quot;:&quot;https:\\\/\\\/www.capriccisrl.it\\\/cms\\\/wp-content\\\/uploads\\\/2017\\\/01\\\/Tende-da-interno.jpg&quot;},{&quot;id&quot;:327,&quot;url&quot;:&quot;https:\\\/\\\/www.capriccisrl.it\\\/cms\\\/wp-content\\\/uploads\\\/2017\\\/01\\\/collezioneMAX40.jpg&quot;},{&quot;id&quot;:216,&quot;url&quot;:&quot;https:\\\/\\\/www.capriccisrl.it\\\/cms\\\/wp-content\\\/uploads\\\/2013\\\/12\\\/22.jpg&quot;}],&quot;background_slideshow_loop&quot;:&quot;yes&quot;,&quot;background_slideshow_slide_duration&quot;:5000,&quot;background_slideshow_slide_transition&quot;:&quot;fade&quot;,&quot;background_slideshow_transition_duration&quot;:500}\">\r\n\t\t\t\t\t\t\t<div class=\"elementor-background-overlay\"><\/div>\r\n\t\t\t\t\t\t\t<div class=\"elementor-container elementor-column-gap-default\">\r\n\t\t\t\t\t<div class=\"elementor-column elementor-col-100 elementor-top-column elementor-element elementor-element-d6efbcc\" data-id=\"d6efbcc\" data-element_type=\"column\">\r\n\t\t\t<div class=\"elementor-widget-wrap elementor-element-populated\">\r\n\t\t\t\t\t\t<div class=\"elementor-element elementor-element-15c36a5 elementor-widget elementor-widget-eael-fancy-text\" data-id=\"15c36a5\" data-element_type=\"widget\" data-widget_type=\"eael-fancy-text.default\">\r\n\t\t\t\t<div class=\"elementor-widget-container\">\r\n\t\t\t\t\t\r\n\t<div  class=\"eael-fancy-text-container style-1\" data-fancy-text-id=\"15c36a5\" data-fancy-text=\"|Tendaggi|Tessuti Jacquard|Tessuti stampati\" data-fancy-text-transition-type=\"typing\" data-fancy-text-speed=\"50\" data-fancy-text-delay=\"2500\" data-fancy-text-cursor=\"yes\" data-fancy-text-loop=\"yes\" >\r\n\t\t\r\n\t\t\r\n\t\t\t\t\t<span id=\"eael-fancy-text-15c36a5\" class=\"eael-fancy-text-strings solid-color\">\r\n\t\t\t\t<noscript>\r\n\t\t\t\t\tTendaggi, Tessuti Jacquard, Tessuti stampati\t\t\t\t<\/noscript>\r\n\t\t\t<\/span>\r\n\t\t\r\n\t\t\t<\/div><!-- close .eael-fancy-text-container -->\r\n\r\n\t<div class=\"clearfix\"><\/div>\r\n\r\n\t\t\t\t\t<\/div>\r\n\t\t\t\t<\/div>\r\n\t\t\t\t<div class=\"elementor-element elementor-element-15e91d3 elementor-widget elementor-widget-menu-anchor\" data-id=\"15e91d3\" data-element_type=\"widget\" data-widget_type=\"menu-anchor.default\">\r\n\t\t\t\t<div class=\"elementor-widget-container\">\r\n\t\t\t\t\t\t\t<div class=\"elementor-menu-anchor\" id=\"azienda\"><\/div>\r\n\t\t\t\t\t\t<\/div>\r\n\t\t\t\t<\/div>\r\n\t\t\t\t\t<\/div>\r\n\t\t<\/div>\r\n\t\t\t\t\t<\/div>\r\n\t\t<\/section>\r\n\t\t\t\t<section class=\"elementor-section elementor-top-section elementor-element elementor-element-a70e298 elementor-section-height-min-height elementor-section-boxed elementor-section-height-default elementor-section-items-middle wpr-particle-no wpr-jarallax-no wpr-parallax-no wpr-sticky-section-no\" data-id=\"a70e298\" data-element_type=\"section\">\r\n\t\t\t\t\t\t<div class=\"elementor-container elementor-column-gap-default\">\r\n\t\t\t\t\t<div class=\"elementor-column elementor-col-100 elementor-top-column elementor-element elementor-element-6b06229\" data-id=\"6b06229\" data-element_type=\"column\">\r\n\t\t\t<div class=\"elementor-widget-wrap elementor-element-populated\">\r\n\t\t\t\t\t\t<div class=\"elementor-element elementor-element-8ae6d2c elementor-widget elementor-widget-heading\" data-id=\"8ae6d2c\" data-element_type=\"widget\" data-widget_type=\"heading.default\">\r\n\t\t\t\t<div class=\"elementor-widget-container\">\r\n\t\t\t\t\t<h2 class=\"elementor-heading-title elementor-size-default\">Azienda<\/h2>\t\t\t\t<\/div>\r\n\t\t\t\t<\/div>\r\n\t\t\t\t<div class=\"elementor-element elementor-element-1b5c863 elementor-widget elementor-widget-text-editor\" data-id=\"1b5c863\" data-element_type=\"widget\" data-widget_type=\"text-editor.default\">\r\n\t\t\t\t<div class=\"elementor-widget-container\">\r\n\t\t\t\t\t\t\t\t\t<p>Capricci nasce nel 2009 grazie all&#8217;ispirazione, l&#8217;esperienza e la passione del suo fondatore e titolare, <strong>Giuseppe Gagliardi<\/strong>.<\/p><p>Azienda dinamica dalla spiccata vocazione creativa e propositiva, progetta, realizza e propone collezioni di tendenza.<\/p>\t\t\t\t\t\t\t\t<\/div>\r\n\t\t\t\t<\/div>\r\n\t\t\t\t<div class=\"elementor-element elementor-element-7d2cebe elementor-widget elementor-widget-menu-anchor\" data-id=\"7d2cebe\" data-element_type=\"widget\" data-widget_type=\"menu-anchor.default\">\r\n\t\t\t\t<div class=\"elementor-widget-container\">\r\n\t\t\t\t\t\t\t<div class=\"elementor-menu-anchor\" id=\"news\"><\/div>\r\n\t\t\t\t\t\t<\/div>\r\n\t\t\t\t<\/div>\r\n\t\t\t\t<div class=\"elementor-element elementor-element-4ed1b7a elementor-widget elementor-widget-image\" data-id=\"4ed1b7a\" data-element_type=\"widget\" data-widget_type=\"image.default\">\r\n\t\t\t\t<div class=\"elementor-widget-container\">\r\n\t\t\t\t\t\t\t\t\t\t\t\t\t\t\t<img fetchpriority=\"high\" decoding=\"async\" width=\"768\" height=\"264\" src=\"https:\/\/www.capriccisrl.it\/cms\/wp-content\/uploads\/2022\/06\/materiale-cucito-768x264.jpg\" class=\"attachment-medium_large size-medium_large wp-image-436\" alt=\"\" srcset=\"https:\/\/www.capriccisrl.it\/cms\/wp-content\/uploads\/2022\/06\/materiale-cucito-768x264.jpg 768w, https:\/\/www.capriccisrl.it\/cms\/wp-content\/uploads\/2022\/06\/materiale-cucito-300x103.jpg 300w, https:\/\/www.capriccisrl.it\/cms\/wp-content\/uploads\/2022\/06\/materiale-cucito.jpg 960w\" sizes=\"(max-width: 768px) 100vw, 768px\" \/>\t\t\t\t\t\t\t\t\t\t\t\t\t\t\t<\/div>\r\n\t\t\t\t<\/div>\r\n\t\t\t\t\t<\/div>\r\n\t\t<\/div>\r\n\t\t\t\t\t<\/div>\r\n\t\t<\/section>\r\n\t\t\t\t<section class=\"elementor-section elementor-top-section elementor-element elementor-element-fbd557f elementor-section-height-min-height elementor-section-boxed elementor-section-height-default elementor-section-items-middle wpr-particle-no wpr-jarallax-no wpr-parallax-no wpr-sticky-section-no\" data-id=\"fbd557f\" data-element_type=\"section\" data-settings=\"{&quot;background_background&quot;:&quot;classic&quot;}\">\r\n\t\t\t\t\t\t<div class=\"elementor-container elementor-column-gap-default\">\r\n\t\t\t\t\t<div class=\"elementor-column elementor-col-100 elementor-top-column elementor-element elementor-element-0b8d507\" data-id=\"0b8d507\" data-element_type=\"column\">\r\n\t\t\t<div class=\"elementor-widget-wrap elementor-element-populated\">\r\n\t\t\t\t\t\t<div class=\"elementor-element elementor-element-f9e50c1 elementor-widget elementor-widget-heading\" data-id=\"f9e50c1\" data-element_type=\"widget\" data-widget_type=\"heading.default\">\r\n\t\t\t\t<div class=\"elementor-widget-container\">\r\n\t\t\t\t\t<h2 class=\"elementor-heading-title elementor-size-default\">News<\/h2>\t\t\t\t<\/div>\r\n\t\t\t\t<\/div>\r\n\t\t\t\t<div class=\"elementor-element elementor-element-2aacb3b elementor-widget elementor-widget-text-editor\" data-id=\"2aacb3b\" data-element_type=\"widget\" data-widget_type=\"text-editor.default\">\r\n\t\t\t\t<div class=\"elementor-widget-container\">\r\n\t\t\t\t\t\t\t\t\t<p>Mode, colori e tessuti sono seguite attentamente per offrire al cliente una scelta sempre pi\u00f9 interessante e varia dei nostri prodotti.<\/p>\t\t\t\t\t\t\t\t<\/div>\r\n\t\t\t\t<\/div>\r\n\t\t\t\t\t<\/div>\r\n\t\t<\/div>\r\n\t\t\t\t\t<\/div>\r\n\t\t<\/section>\r\n\t\t\t\t<section class=\"elementor-section elementor-top-section elementor-element elementor-element-5f2c7a3 elementor-section-height-min-height elementor-section-boxed elementor-section-height-default elementor-section-items-middle wpr-particle-no wpr-jarallax-no wpr-parallax-no wpr-sticky-section-no\" data-id=\"5f2c7a3\" data-element_type=\"section\" data-settings=\"{&quot;background_background&quot;:&quot;classic&quot;}\">\r\n\t\t\t\t\t\t<div class=\"elementor-container elementor-column-gap-wide\">\r\n\t\t\t\t\t<div class=\"elementor-column elementor-col-100 elementor-top-column elementor-element elementor-element-19da26f\" data-id=\"19da26f\" data-element_type=\"column\">\r\n\t\t\t<div class=\"elementor-widget-wrap elementor-element-populated\">\r\n\t\t\t\t\t\t<div class=\"elementor-element elementor-element-3eb8290 elementor-view-default elementor-widget elementor-widget-icon\" data-id=\"3eb8290\" data-element_type=\"widget\" data-widget_type=\"icon.default\">\r\n\t\t\t\t<div class=\"elementor-widget-container\">\r\n\t\t\t\t\t\t\t<div class=\"elementor-icon-wrapper\">\r\n\t\t\t<div class=\"elementor-icon\">\r\n\t\t\t<i aria-hidden=\"true\" class=\"fab fa-instagram\"><\/i>\t\t\t<\/div>\r\n\t\t<\/div>\r\n\t\t\t\t\t\t<\/div>\r\n\t\t\t\t<\/div>\r\n\t\t\t\t<div class=\"elementor-element elementor-element-1786b30 elementor-widget elementor-widget-menu-anchor\" data-id=\"1786b30\" data-element_type=\"widget\" data-widget_type=\"menu-anchor.default\">\r\n\t\t\t\t<div class=\"elementor-widget-container\">\r\n\t\t\t\t\t\t\t<div class=\"elementor-menu-anchor\" id=\"collezioni\"><\/div>\r\n\t\t\t\t\t\t<\/div>\r\n\t\t\t\t<\/div>\r\n\t\t\t\t\t<\/div>\r\n\t\t<\/div>\r\n\t\t\t\t\t<\/div>\r\n\t\t<\/section>\r\n\t\t\t\t<section class=\"elementor-section elementor-top-section elementor-element elementor-element-9ba6094 elementor-section-height-min-height elementor-section-boxed elementor-section-height-default elementor-section-items-middle wpr-particle-no wpr-jarallax-no wpr-parallax-no wpr-sticky-section-no\" data-id=\"9ba6094\" data-element_type=\"section\">\r\n\t\t\t\t\t\t<div class=\"elementor-container elementor-column-gap-default\">\r\n\t\t\t\t\t<div class=\"elementor-column elementor-col-100 elementor-top-column elementor-element elementor-element-456b820\" data-id=\"456b820\" data-element_type=\"column\">\r\n\t\t\t<div class=\"elementor-widget-wrap elementor-element-populated\">\r\n\t\t\t\t\t\t<div class=\"elementor-element elementor-element-3acb43c elementor-widget elementor-widget-heading\" data-id=\"3acb43c\" data-element_type=\"widget\" data-widget_type=\"heading.default\">\r\n\t\t\t\t<div class=\"elementor-widget-container\">\r\n\t\t\t\t\t<h2 class=\"elementor-heading-title elementor-size-default\">Collezioni<\/h2>\t\t\t\t<\/div>\r\n\t\t\t\t<\/div>\r\n\t\t\t\t<div class=\"elementor-element elementor-element-d0e2555 elementor-widget elementor-widget-text-editor\" data-id=\"d0e2555\" data-element_type=\"widget\" data-widget_type=\"text-editor.default\">\r\n\t\t\t\t<div class=\"elementor-widget-container\">\r\n\t\t\t\t\t\t\t\t\t<p>Sviluppiamo la creativit\u00e0 abbinandola alla ricerca tecnologica e alla garanzia di qualit\u00e0, lavoro che rappresenta un\u2019identit\u00e0 caretterizzante che contraddistingue i nostri prodotti.<\/p>\t\t\t\t\t\t\t\t<\/div>\r\n\t\t\t\t<\/div>\r\n\t\t\t\t<div class=\"elementor-element elementor-element-8f0a8d5 eael-fg-hoverer-content-align-center elementor-widget elementor-widget-eael-filterable-gallery\" data-id=\"8f0a8d5\" data-element_type=\"widget\" data-settings=\"{&quot;photo_gallery&quot;:&quot;yes&quot;,&quot;pagination&quot;:&quot;false&quot;}\" data-widget_type=\"eael-filterable-gallery.default\">\r\n\t\t\t\t<div class=\"elementor-widget-container\">\r\n\t\t\t\t\t<style id=\"eael-fg-inline-css-8f0a8d5\">@media only screen and (max-width: 2399px) {\r\n\t\t\t\t\t.elementor-element.elementor-element-8f0a8d5 .eael-filterable-gallery-item-wrap {\r\n\t\t\t\t\t        width: 25%;\r\n\t\t\t\t\t    }\r\n\t\t\t\t\t}@media only screen and (max-width: 1024px) {\r\n\t\t\t\t\t.elementor-element.elementor-element-8f0a8d5  .eael-filterable-gallery-item-wrap {\r\n\t\t\t\t\t        width: 50%;\r\n\t\t\t\t\t    }\r\n\t\t\t\t\t}@media only screen and (max-width: 767px) {\r\n\t\t\t\t\t.elementor-element.elementor-element-8f0a8d5  .eael-filterable-gallery-item-wrap {\r\n\t\t\t\t\t        width: 100%;\r\n\t\t\t\t\t    }\r\n\t\t\t\t\t}<\/style>        <div id=\"eael-filter-gallery-wrapper-8f0a8d5\" class=\"eael-filter-gallery-wrapper\" data-layout-mode=\"hoverer\" data-breakpoints=\"{&quot;mobile&quot;:{&quot;label&quot;:&quot;Mobile Portrait&quot;,&quot;value&quot;:767,&quot;default_value&quot;:767,&quot;direction&quot;:&quot;max&quot;,&quot;is_enabled&quot;:true},&quot;mobile_extra&quot;:{&quot;label&quot;:&quot;Mobile Landscape&quot;,&quot;value&quot;:880,&quot;default_value&quot;:880,&quot;direction&quot;:&quot;max&quot;,&quot;is_enabled&quot;:false},&quot;tablet&quot;:{&quot;label&quot;:&quot;Tablet verticale&quot;,&quot;value&quot;:1024,&quot;default_value&quot;:1024,&quot;direction&quot;:&quot;max&quot;,&quot;is_enabled&quot;:true},&quot;tablet_extra&quot;:{&quot;label&quot;:&quot;Tablet orizzontale&quot;,&quot;value&quot;:1200,&quot;default_value&quot;:1200,&quot;direction&quot;:&quot;max&quot;,&quot;is_enabled&quot;:false},&quot;laptop&quot;:{&quot;label&quot;:&quot;Laptop&quot;,&quot;value&quot;:1366,&quot;default_value&quot;:1366,&quot;direction&quot;:&quot;max&quot;,&quot;is_enabled&quot;:false},&quot;widescreen&quot;:{&quot;label&quot;:&quot;Widescreen&quot;,&quot;value&quot;:2400,&quot;default_value&quot;:2400,&quot;direction&quot;:&quot;min&quot;,&quot;is_enabled&quot;:false}}\" data-default_control_key=\"0\" data-custom_default_control=\"1\">\r\n            \r\n            \r\n            <div class=\"eael-filter-gallery-container eael-filter-gallery-grid\" data-images-per-page=\"\" data-total-gallery-items=\"4\" data-nomore-item-text=\"\" data-is-randomize=\"no\" data-settings=\"{&quot;grid_style&quot;:&quot;grid&quot;,&quot;popup&quot;:&quot;buttons&quot;,&quot;duration&quot;:500,&quot;gallery_enabled&quot;:&quot;yes&quot;,&quot;video_gallery_yt_privacy&quot;:&quot;&quot;,&quot;control_all_text&quot;:null,&quot;post_id&quot;:421,&quot;widget_id&quot;:&quot;8f0a8d5&quot;}\" data-search-all=\"\" data-gallery-items=\"WyI8ZGl2IGNsYXNzPVwiZWFlbC1maWx0ZXJhYmxlLWdhbGxlcnktaXRlbS13cmFwXCI+XHJcblx0XHRcdFx0PGRpdiBjbGFzcz1cImVhZWwtZ2FsbGVyeS1ncmlkLWl0ZW1cIj48YSBocmVmPVwiaHR0cHM6XC9cL3d3dy5jYXByaWNjaXNybC5pdFwvY21zXC90ZXNzdXRpXC9cIj48ZGl2IGNsYXNzPVwiZ2FsbGVyeS1pdGVtLXRodW1ibmFpbC13cmFwXCI+PGltZyBzcmM9XCJodHRwczpcL1wvd3d3LmNhcHJpY2Npc3JsLml0XC9jbXNcL3dwLWNvbnRlbnRcL3VwbG9hZHNcLzIwMTNcLzA5XC9JTUdfNzA2My5qcGdcIiBkYXRhLWxhenktc3JjPVwiaHR0cHM6XC9cL3d3dy5jYXByaWNjaXNybC5pdFwvY21zXC93cC1jb250ZW50XC91cGxvYWRzXC8yMDEzXC8wOVwvSU1HXzcwNjMuanBnXCIgYWx0PVwiVGVzc3V0aVwiIGNsYXNzPVwiZ2FsbGVyeS1pdGVtLXRodW1ibmFpbFwiPjxcL2Rpdj48ZGl2IGNsYXNzPVwiZ2FsbGVyeS1pdGVtLWNhcHRpb24td3JhcCBjYXB0aW9uLXN0eWxlLWhvdmVyZXIgZWFlbC1zbGlkZS11cFwiPjxkaXYgY2xhc3M9XCJnYWxsZXJ5LWl0ZW0taG92ZXJlci1iZ1wiPjxcL2Rpdj48ZGl2IGNsYXNzPVwiZ2FsbGVyeS1pdGVtLWNhcHRpb24tb3ZlclwiPjxoMiBjbGFzcz1cImZnLWl0ZW0tdGl0bGVcIj5UZXNzdXRpPFwvaDI+PFwvZGl2PjxcL2Rpdj48XC9hPjxcL2E+PFwvZGl2PjxcL2Rpdj4iLCI8ZGl2IGNsYXNzPVwiZWFlbC1maWx0ZXJhYmxlLWdhbGxlcnktaXRlbS13cmFwXCI+XHJcblx0XHRcdFx0PGRpdiBjbGFzcz1cImVhZWwtZ2FsbGVyeS1ncmlkLWl0ZW1cIj48YSBocmVmPVwiaHR0cHM6XC9cL3d3dy5jYXByaWNjaXNybC5pdFwvY21zXC9zdGFtcGF0aS1jb29yZGluYXRpXC9cIj48ZGl2IGNsYXNzPVwiZ2FsbGVyeS1pdGVtLXRodW1ibmFpbC13cmFwXCI+PGltZyBzcmM9XCJodHRwczpcL1wvd3d3LmNhcHJpY2Npc3JsLml0XC9jbXNcL3dwLWNvbnRlbnRcL3VwbG9hZHNcLzIwMTdcLzAxXC9NT05TVEVycy0xLUNvcGlhMS5qcGdcIiBkYXRhLWxhenktc3JjPVwiaHR0cHM6XC9cL3d3dy5jYXByaWNjaXNybC5pdFwvY21zXC93cC1jb250ZW50XC91cGxvYWRzXC8yMDE3XC8wMVwvTU9OU1RFcnMtMS1Db3BpYTEuanBnXCIgYWx0PVwiU3RhbXBhdGkgY29vcmRpbmF0aVwiIGNsYXNzPVwiZ2FsbGVyeS1pdGVtLXRodW1ibmFpbFwiPjxcL2Rpdj48ZGl2IGNsYXNzPVwiZ2FsbGVyeS1pdGVtLWNhcHRpb24td3JhcCBjYXB0aW9uLXN0eWxlLWhvdmVyZXIgZWFlbC1zbGlkZS11cFwiPjxkaXYgY2xhc3M9XCJnYWxsZXJ5LWl0ZW0taG92ZXJlci1iZ1wiPjxcL2Rpdj48ZGl2IGNsYXNzPVwiZ2FsbGVyeS1pdGVtLWNhcHRpb24tb3ZlclwiPjxoMiBjbGFzcz1cImZnLWl0ZW0tdGl0bGVcIj5TdGFtcGF0aSBjb29yZGluYXRpPFwvaDI+PFwvZGl2PjxcL2Rpdj48XC9hPjxcL2E+PFwvZGl2PjxcL2Rpdj4iLCI8ZGl2IGNsYXNzPVwiZWFlbC1maWx0ZXJhYmxlLWdhbGxlcnktaXRlbS13cmFwXCI+XHJcblx0XHRcdFx0PGRpdiBjbGFzcz1cImVhZWwtZ2FsbGVyeS1ncmlkLWl0ZW1cIj48YSBocmVmPVwiaHR0cHM6XC9cL3d3dy5jYXByaWNjaXNybC5pdFwvY21zXC90ZW5kYWdnaVwvXCI+PGRpdiBjbGFzcz1cImdhbGxlcnktaXRlbS10aHVtYm5haWwtd3JhcFwiPjxpbWcgc3JjPVwiaHR0cHM6XC9cL3d3dy5jYXByaWNjaXNybC5pdFwvY21zXC93cC1jb250ZW50XC91cGxvYWRzXC8yMDE3XC8wMVwvbGlub1ZJTlRBR0UtLmpwZ1wiIGRhdGEtbGF6eS1zcmM9XCJodHRwczpcL1wvd3d3LmNhcHJpY2Npc3JsLml0XC9jbXNcL3dwLWNvbnRlbnRcL3VwbG9hZHNcLzIwMTdcLzAxXC9saW5vVklOVEFHRS0uanBnXCIgYWx0PVwiVGVuZGFnZ2lcIiBjbGFzcz1cImdhbGxlcnktaXRlbS10aHVtYm5haWxcIj48XC9kaXY+PGRpdiBjbGFzcz1cImdhbGxlcnktaXRlbS1jYXB0aW9uLXdyYXAgY2FwdGlvbi1zdHlsZS1ob3ZlcmVyIGVhZWwtc2xpZGUtdXBcIj48ZGl2IGNsYXNzPVwiZ2FsbGVyeS1pdGVtLWhvdmVyZXItYmdcIj48XC9kaXY+PGRpdiBjbGFzcz1cImdhbGxlcnktaXRlbS1jYXB0aW9uLW92ZXJcIj48aDIgY2xhc3M9XCJmZy1pdGVtLXRpdGxlXCI+VGVuZGFnZ2k8XC9oMj48XC9kaXY+PFwvZGl2PjxcL2E+PFwvYT48XC9kaXY+PFwvZGl2PiIsIjxkaXYgY2xhc3M9XCJlYWVsLWZpbHRlcmFibGUtZ2FsbGVyeS1pdGVtLXdyYXBcIj5cclxuXHRcdFx0XHQ8ZGl2IGNsYXNzPVwiZWFlbC1nYWxsZXJ5LWdyaWQtaXRlbVwiPjxhIGhyZWY9XCJodHRwczpcL1wvd3d3LmNhcHJpY2Npc3JsLml0XC9jbXNcL3Bhbm5lbGxpXC9cIj48ZGl2IGNsYXNzPVwiZ2FsbGVyeS1pdGVtLXRodW1ibmFpbC13cmFwXCI+PGltZyBzcmM9XCJodHRwczpcL1wvd3d3LmNhcHJpY2Npc3JsLml0XC9jbXNcL3dwLWNvbnRlbnRcL3VwbG9hZHNcLzIwMTVcLzA4XC9GYWNlcy0yLmpwZ1wiIGRhdGEtbGF6eS1zcmM9XCJodHRwczpcL1wvd3d3LmNhcHJpY2Npc3JsLml0XC9jbXNcL3dwLWNvbnRlbnRcL3VwbG9hZHNcLzIwMTVcLzA4XC9GYWNlcy0yLmpwZ1wiIGFsdD1cIlBhbm5lbGxpXCIgY2xhc3M9XCJnYWxsZXJ5LWl0ZW0tdGh1bWJuYWlsXCI+PFwvZGl2PjxkaXYgY2xhc3M9XCJnYWxsZXJ5LWl0ZW0tY2FwdGlvbi13cmFwIGNhcHRpb24tc3R5bGUtaG92ZXJlciBlYWVsLXNsaWRlLXVwXCI+PGRpdiBjbGFzcz1cImdhbGxlcnktaXRlbS1ob3ZlcmVyLWJnXCI+PFwvZGl2PjxkaXYgY2xhc3M9XCJnYWxsZXJ5LWl0ZW0tY2FwdGlvbi1vdmVyXCI+PGgyIGNsYXNzPVwiZmctaXRlbS10aXRsZVwiPlBhbm5lbGxpPFwvaDI+PFwvZGl2PjxcL2Rpdj48XC9hPjxcL2E+PFwvZGl2PjxcL2Rpdj4iXQ==\" data-init-show=\"4\">\r\n                <div class=\"eael-filterable-gallery-item-wrap\">\r\n\t\t\t\t<div class=\"eael-gallery-grid-item\"><a href=\"https:\/\/www.capriccisrl.it\/cms\/tessuti\/\"><div class=\"gallery-item-thumbnail-wrap\"><img decoding=\"async\" src=\"https:\/\/www.capriccisrl.it\/cms\/wp-content\/uploads\/2013\/09\/IMG_7063.jpg\" data-lazy-src=\"https:\/\/www.capriccisrl.it\/cms\/wp-content\/uploads\/2013\/09\/IMG_7063.jpg\" alt=\"Tessuti\" class=\"gallery-item-thumbnail\"><\/div><div class=\"gallery-item-caption-wrap caption-style-hoverer eael-slide-up\"><div class=\"gallery-item-hoverer-bg\"><\/div><div class=\"gallery-item-caption-over\"><h2 class=\"fg-item-title\">Tessuti<\/h2><\/div><\/div><\/a><\/a><\/div><\/div><div class=\"eael-filterable-gallery-item-wrap\">\r\n\t\t\t\t<div class=\"eael-gallery-grid-item\"><a href=\"https:\/\/www.capriccisrl.it\/cms\/stampati-coordinati\/\"><div class=\"gallery-item-thumbnail-wrap\"><img decoding=\"async\" src=\"https:\/\/www.capriccisrl.it\/cms\/wp-content\/uploads\/2017\/01\/MONSTErs-1-Copia1.jpg\" data-lazy-src=\"https:\/\/www.capriccisrl.it\/cms\/wp-content\/uploads\/2017\/01\/MONSTErs-1-Copia1.jpg\" alt=\"Stampati coordinati\" class=\"gallery-item-thumbnail\"><\/div><div class=\"gallery-item-caption-wrap caption-style-hoverer eael-slide-up\"><div class=\"gallery-item-hoverer-bg\"><\/div><div class=\"gallery-item-caption-over\"><h2 class=\"fg-item-title\">Stampati coordinati<\/h2><\/div><\/div><\/a><\/a><\/div><\/div><div class=\"eael-filterable-gallery-item-wrap\">\r\n\t\t\t\t<div class=\"eael-gallery-grid-item\"><a href=\"https:\/\/www.capriccisrl.it\/cms\/tendaggi\/\"><div class=\"gallery-item-thumbnail-wrap\"><img decoding=\"async\" src=\"https:\/\/www.capriccisrl.it\/cms\/wp-content\/uploads\/2017\/01\/linoVINTAGE-.jpg\" data-lazy-src=\"https:\/\/www.capriccisrl.it\/cms\/wp-content\/uploads\/2017\/01\/linoVINTAGE-.jpg\" alt=\"Tendaggi\" class=\"gallery-item-thumbnail\"><\/div><div class=\"gallery-item-caption-wrap caption-style-hoverer eael-slide-up\"><div class=\"gallery-item-hoverer-bg\"><\/div><div class=\"gallery-item-caption-over\"><h2 class=\"fg-item-title\">Tendaggi<\/h2><\/div><\/div><\/a><\/a><\/div><\/div><div class=\"eael-filterable-gallery-item-wrap\">\r\n\t\t\t\t<div class=\"eael-gallery-grid-item\"><a href=\"https:\/\/www.capriccisrl.it\/cms\/pannelli\/\"><div class=\"gallery-item-thumbnail-wrap\"><img decoding=\"async\" src=\"https:\/\/www.capriccisrl.it\/cms\/wp-content\/uploads\/2015\/08\/Faces-2.jpg\" data-lazy-src=\"https:\/\/www.capriccisrl.it\/cms\/wp-content\/uploads\/2015\/08\/Faces-2.jpg\" alt=\"Pannelli\" class=\"gallery-item-thumbnail\"><\/div><div class=\"gallery-item-caption-wrap caption-style-hoverer eael-slide-up\"><div class=\"gallery-item-hoverer-bg\"><\/div><div class=\"gallery-item-caption-over\"><h2 class=\"fg-item-title\">Pannelli<\/h2><\/div><\/div><\/a><\/a><\/div><\/div>            <\/div>\r\n            \r\n                    <\/div>\r\n        \r\n        \t\t\t\t<\/div>\r\n\t\t\t\t<\/div>\r\n\t\t\t\t\t<\/div>\r\n\t\t<\/div>\r\n\t\t\t\t\t<\/div>\r\n\t\t<\/section>\r\n\t\t\t\t<\/div>\r\n\t\t","protected":false},"excerpt":{"rendered":"<p>Tendaggi, Tessuti Jacquard, Tessuti stampati Azienda Capricci nasce nel 2009 grazie all&#8217;ispirazione, l&#8217;esperienza e la passione del suo fondatore e titolare, Giuseppe Gagliardi. Azienda dinamica dalla spiccata vocazione creativa e propositiva, progetta, realizza e propone collezioni di tendenza. News Mode, colori e tessuti sono seguite attentamente per offrire al cliente una scelta sempre pi\u00f9 interessante e varia dei nostri prodotti. Collezioni Sviluppiamo la creativit\u00e0 abbinandola alla ricerca tecnologica e alla garanzia di qualit\u00e0, lavoro che rappresenta un\u2019identit\u00e0 caretterizzante che contraddistingue i nostri prodotti. Tessuti Stampati coordinati Tendaggi Pannelli<\/p>\n","protected":false},"author":1,"featured_media":0,"parent":0,"menu_order":0,"comment_status":"closed","ping_status":"closed","template":"elementor_header_footer","meta":{"footnotes":""},"class_list":["post-421","page","type-page","status-publish","hentry"],"_links":{"self":[{"href":"https:\/\/www.capriccisrl.it\/cms\/wp-json\/wp\/v2\/pages\/421","targetHints":{"allow":["GET"]}}],"collection":[{"href":"https:\/\/www.capriccisrl.it\/cms\/wp-json\/wp\/v2\/pages"}],"about":[{"href":"https:\/\/www.capriccisrl.it\/cms\/wp-json\/wp\/v2\/types\/page"}],"author":[{"embeddable":true,"href":"https:\/\/www.capriccisrl.it\/cms\/wp-json\/wp\/v2\/users\/1"}],"replies":[{"embeddable":true,"href":"https:\/\/www.capriccisrl.it\/cms\/wp-json\/wp\/v2\/comments?post=421"}],"version-history":[{"count":99,"href":"https:\/\/www.capriccisrl.it\/cms\/wp-json\/wp\/v2\/pages\/421\/revisions"}],"predecessor-version":[{"id":808,"href":"https:\/\/www.capriccisrl.it\/cms\/wp-json\/wp\/v2\/pages\/421\/revisions\/808"}],"wp:attachment":[{"href":"https:\/\/www.capriccisrl.it\/cms\/wp-json\/wp\/v2\/media?parent=421"}],"curies":[{"name":"wp","href":"https:\/\/api.w.org\/{rel}","templated":true}]}}